{"id":1635,"date":"2022-06-23T17:35:23","date_gmt":"2022-06-23T17:35:23","guid":{"rendered":"https:\/\/ochotequila.com\/encuentra-tu-botella\/"},"modified":"2024-07-09T15:04:25","modified_gmt":"2024-07-09T15:04:25","slug":"encuentra-tu-botella","status":"publish","type":"page","link":"https:\/\/ochotequila.com\/es\/encuentra-tu-botella\/","title":{"rendered":"Encuentra tu botella"},"content":{"rendered":"\n<section class=\"container-fluid fyb fyb--show-search\">\n    <div class=\"fyb__bg\" style=\"background-image: url('https:\/\/ochotequila.com\/wp-content\/uploads\/2022\/06\/Group-63-bigg.jpg')\" data-speed=\"0.7\"><\/div>\n    <div class=\"fyb__bg--mobile\" style=\"background-image: url('https:\/\/ochotequila.com\/wp-content\/uploads\/2022\/07\/Group-76.jpg')\" data-speed=\"0.7\"><\/div>\n    <div class=\"fyb__decors fyb__decors--left fyb__decors--left-mobile\">\n        <img decoding=\"async\" src=\"https:\/\/ochotequila.com\/wp-content\/themes\/bs-llc-tequila-theme\/assets\/img\/decoration-pattern.svg\" alt=\"decor\"\n             class=\"fyb__decors-img fyb__decors-img--left\">\n        <img decoding=\"async\" src=\"https:\/\/ochotequila.com\/wp-content\/themes\/bs-llc-tequila-theme\/assets\/img\/decoration-pattern.svg\" alt=\"decor\"\n             class=\"fyb__decors-img fyb__decors-img--left\">\n    <\/div>\n    <div class=\"fyb__decors fyb__decors--right fyb__decors--right-mobile\">\n        <img decoding=\"async\" src=\"https:\/\/ochotequila.com\/wp-content\/themes\/bs-llc-tequila-theme\/assets\/img\/decoration-pattern.svg\" alt=\"decor\"\n             class=\"fyb__decors-img fyb__decors-img--right\">\n        <img decoding=\"async\" src=\"https:\/\/ochotequila.com\/wp-content\/themes\/bs-llc-tequila-theme\/assets\/img\/decoration-pattern.svg\" alt=\"decor\"\n             class=\"fyb__decors-img fyb__decors-img--right\">\n    <\/div>\n\n    <div class=\"container fyb__container\">\n\t\t\n        <div class=\"fyb__top-icon fyb__top-icon-mobile\">\n            <svg class=\"fyb__top-icon-svg\"width=\"39\" height=\"93\" viewBox=\"0 0 39 93\" fill=\"none\" xmlns=\"http:\/\/www.w3.org\/2000\/svg\">\n<path d=\"M31.8393 62.7341C31.0612 62.422 30.2577 62.2291 29.4435 62.145C30.113 61.7416 30.7536 61.2963 31.3652 60.8158C31.4231 60.7842 31.4774 60.7457 31.5244 60.6966C31.528 60.693 31.5353 60.686 31.5425 60.679C31.785 60.4826 32.0238 60.2792 32.2555 60.0723C32.4219 59.932 32.5848 59.7882 32.7151 59.6479C36.2328 56.3057 38.4187 51.6519 38.4187 46.514C38.4187 41.3762 36.2617 36.7785 32.7838 33.4397C32.7802 33.4327 32.7766 33.4292 32.773 33.4222C32.7259 33.3626 32.6717 33.317 32.6138 33.2784C31.6402 32.3666 30.5654 31.5529 29.4073 30.855C30.2324 30.7744 31.0539 30.578 31.8429 30.2624C33.96 29.4172 35.6067 27.8214 36.4861 25.7733C37.2027 24.104 37.2027 22.2628 36.4934 20.5934C35.7804 18.9205 34.4377 17.6194 32.7151 16.925C31.3073 16.3569 29.7511 16.3569 28.3397 16.9215C26.9282 17.4862 25.828 18.5488 25.2454 19.9165C24.764 21.0423 24.7604 22.2768 25.2417 23.4026C25.7231 24.5283 26.6242 25.4051 27.7859 25.8715C28.745 26.2573 29.8017 26.2573 30.7644 25.8715C31.7235 25.4857 32.4726 24.7633 32.8707 23.8339C33.5547 22.2347 32.7694 20.3935 31.1191 19.7307C30.7934 19.5974 30.417 19.7482 30.2795 20.0674C30.1419 20.383 30.2976 20.7477 30.6269 20.881C31.6221 21.2808 32.0962 22.3925 31.6837 23.357C31.1299 24.6405 29.6027 25.2543 28.2781 24.7212C27.4349 24.381 26.7798 23.7462 26.4324 22.9291C26.085 22.112 26.085 21.2107 26.4324 20.3935C26.8884 19.3344 27.7389 18.5102 28.8318 18.0718C29.9248 17.6335 31.1299 17.6335 32.2229 18.0718C33.6307 18.6365 34.7237 19.7026 35.3063 21.0634C35.889 22.4276 35.8854 23.9286 35.3027 25.2929C34.5572 27.0324 33.153 28.3896 31.3543 29.1085C29.5557 29.8275 27.576 29.824 25.7774 29.1015C22.3936 27.7408 20.1534 24.5669 20.0665 21.0178L20.0665 0.620748C20.0665 0.277057 19.777 0 19.4223 0C19.0677 0 18.7817 0.280564 18.7817 0.620748L18.7817 21.0002C18.7817 21.0002 18.7817 21.0107 18.7817 21.0178C18.6985 24.5739 16.4583 27.7513 13.0709 29.1155C11.2722 29.838 9.29261 29.8415 7.49394 29.1226C5.69527 28.4036 4.2947 27.0464 3.54556 25.3069C2.96289 23.9426 2.95927 22.4416 3.54194 21.0774C4.12461 19.7131 5.21756 18.6505 6.62537 18.0859C7.71832 17.6475 8.92346 17.644 10.0164 18.0859C11.1094 18.5242 11.9635 19.3484 12.4158 20.4075C12.7669 21.2247 12.7669 22.1225 12.4158 22.9396C12.0684 23.7568 11.4134 24.3951 10.5701 24.7317C9.92594 24.9913 9.22023 24.9913 8.57603 24.7317C7.93184 24.4757 7.43242 23.9882 7.16461 23.3675C6.75203 22.403 7.22613 21.2913 8.22137 20.8915C8.5507 20.7582 8.7027 20.3935 8.5688 20.0779C8.43127 19.7587 8.05851 19.6079 7.72918 19.7412C6.07889 20.4075 5.29356 22.2487 5.97756 23.8444C6.8027 25.7628 9.07908 26.6746 11.0623 25.8785C12.224 25.4121 13.1252 24.5353 13.6029 23.4096C14.0806 22.2838 14.0806 21.0458 13.5993 19.9236C13.013 18.5558 11.9128 17.4932 10.505 16.9285C9.09356 16.3639 7.53737 16.3639 6.12956 16.932C4.40689 17.6264 3.06423 18.9276 2.35127 20.6004C1.63832 22.2698 1.64194 24.111 2.35851 25.7803C3.23794 27.8285 4.88461 29.4242 7.00175 30.2694C7.78708 30.585 8.60499 30.7814 9.42651 30.8621C8.89451 31.1812 8.37699 31.5249 7.87394 31.9001C7.22613 32.3841 6.61813 32.9032 6.04632 33.4503C6.03908 33.4573 6.03184 33.4643 6.02461 33.4713C2.43451 36.9082 0.418701 41.5445 0.418701 46.514C0.418701 52.1639 3.06061 57.2211 7.20442 60.6019C7.25146 60.6439 7.29851 60.6825 7.34194 60.7246C7.38175 60.7632 7.4288 60.7912 7.47584 60.8193C8.08384 61.2963 8.72442 61.7381 9.39394 62.145C8.57965 62.2256 7.77261 62.422 6.99813 62.7341C4.88461 63.5829 3.23432 65.1751 2.35489 67.2232C1.63832 68.8925 1.63832 70.7337 2.34765 72.4031C3.06061 74.0724 4.39965 75.3771 6.12594 76.0715C6.83165 76.3555 7.57356 76.4993 8.31546 76.4993C9.05737 76.4993 9.79565 76.359 10.4977 76.0785C11.9092 75.5138 13.0094 74.4477 13.592 73.0835C14.0734 71.9612 14.077 70.7232 13.5957 69.5975C13.1179 68.4717 12.2132 67.5949 11.0551 67.1285C9.07546 66.3289 6.79546 67.2442 5.97032 69.1626C5.28632 70.7618 6.07165 72.603 7.72194 73.2658C8.05127 73.3991 8.42765 73.2483 8.56156 72.9291C8.69908 72.6135 8.54346 72.2488 8.21413 72.1155C7.21889 71.7122 6.7448 70.604 7.15737 69.6395C7.42518 69.0153 7.92823 68.5313 8.5688 68.2753C9.21299 68.0193 9.9187 68.0193 10.5629 68.2753C11.4061 68.612 12.0612 69.2502 12.4086 70.0674C12.756 70.8845 12.756 71.7859 12.4086 72.5995C11.9526 73.6586 11.1021 74.4828 10.0092 74.9212C8.91623 75.3595 7.71108 75.356 6.61813 74.9176C5.21032 74.353 4.11737 73.2904 3.5347 71.9261C2.95203 70.5619 2.95565 69.0609 3.53832 67.7001C4.28384 65.9571 5.68442 64.6034 7.48308 63.881C9.28175 63.162 11.2614 63.162 13.06 63.888C16.4475 65.2522 18.6877 68.4296 18.7709 71.9822C18.7709 71.9893 18.7709 71.9928 18.7709 71.9998L18.7709 92.3722C18.7709 92.7159 19.0568 92.993 19.4115 92.993C19.7661 92.993 20.0557 92.7124 20.0557 92.3722L20.0557 71.9752C20.1425 68.4226 22.3827 65.2487 25.7665 63.8845C27.5616 63.1585 29.5448 63.1585 31.3435 63.8774C33.1421 64.5964 34.5427 65.9536 35.2918 67.6931C35.8745 69.0574 35.8781 70.5584 35.2955 71.9226C34.7128 73.2869 33.6198 74.3495 32.212 74.9141C31.1191 75.3525 29.9139 75.356 28.821 74.9141C27.728 74.4758 26.8739 73.6516 26.4216 72.5925C26.0705 71.7753 26.0705 70.8775 26.4216 70.0604C26.769 69.2432 27.424 68.6049 28.2673 68.2683C29.5918 67.7352 31.1227 68.3454 31.6728 69.6325C32.0854 70.597 31.6113 71.7087 30.616 72.1085C30.2903 72.2418 30.1311 72.6065 30.2686 72.9221C30.4025 73.2413 30.7789 73.3886 31.1082 73.2588C32.7585 72.596 33.5438 70.7548 32.8562 69.1556C32.4581 68.2262 31.709 67.5037 30.7499 67.118C29.7909 66.7357 28.7341 66.7357 27.7751 67.118C26.6134 67.5844 25.7122 68.4612 25.2345 69.5869C24.7568 70.7127 24.7568 71.9507 25.2381 73.0729C25.8244 74.4407 26.9246 75.5033 28.336 76.068C29.0381 76.3485 29.78 76.4923 30.5183 76.4923C31.2566 76.4923 32.0021 76.3485 32.7078 76.0645C34.4305 75.3701 35.7732 74.0689 36.4861 72.3961C37.1991 70.7232 37.1955 68.8855 36.4825 67.2162C35.6031 65.168 33.9528 63.5723 31.8393 62.7271V62.7341ZM19.5924 63.6775C19.5381 63.6635 19.4802 63.653 19.4187 63.653C19.3572 63.653 19.2993 63.6635 19.245 63.6775C14.9962 63.639 11.1021 62.1415 8.06575 59.6795C8.00422 59.6234 7.9427 59.5708 7.88118 59.5147C7.66403 59.3253 7.45775 59.1464 7.30575 58.9606C6.37927 57.8032 5.90518 56.7687 5.66994 55.3904C5.36594 53.6193 5.80746 51.8342 6.90765 50.3613C8.08384 48.7866 9.85718 47.7555 11.9019 47.4539C15.1012 46.9805 18.1303 49.0005 18.6406 51.964C18.6804 52.2025 18.6985 52.4409 18.6949 52.6759C18.6949 52.711 18.6949 52.7461 18.6949 52.7811C18.6623 53.5737 18.3873 54.3453 17.8915 55.0116C17.1749 55.969 16.0928 56.6003 14.8478 56.7827C12.9225 57.0668 11.1057 55.8568 10.8017 54.0823C10.6932 53.4545 10.8488 52.8197 11.2433 52.2972C11.6667 51.7325 12.3037 51.3608 13.0383 51.2521C14.1494 51.0907 15.1917 51.7816 15.3654 52.7987C15.4233 53.1389 15.7562 53.3668 16.1037 53.3107C16.4547 53.2546 16.6899 52.9319 16.632 52.5953C16.3425 50.9119 14.6452 49.7616 12.8429 50.0246C11.7644 50.1859 10.8271 50.733 10.201 51.5712C9.60746 52.3673 9.36861 53.3317 9.53508 54.2892C9.95489 56.7301 12.4195 58.3994 15.0433 58.0137C16.632 57.7787 18.0145 56.9721 18.9337 55.7446C19.0785 55.5517 19.2016 55.3518 19.3174 55.1449C19.5019 55.4851 19.7191 55.8112 19.9833 56.1163C20.9894 57.2877 22.4261 58.0066 24.0294 58.1399C26.6785 58.3644 29.0164 56.5407 29.2589 54.0752C29.353 53.1108 29.049 52.1639 28.4012 51.4099C27.7172 50.6138 26.74 50.1228 25.6507 50.0316C23.8303 49.8808 22.2198 51.1363 22.0534 52.8372C22.0208 53.1809 22.2778 53.4825 22.6324 53.5176C22.9871 53.5527 23.2983 53.3002 23.3309 52.9565C23.4322 51.9359 24.4202 51.1819 25.5385 51.2731C26.284 51.3362 26.9499 51.6694 27.4132 52.206C27.8402 52.704 28.0429 53.3247 27.9814 53.9595C27.8077 55.7446 26.0886 57.0632 24.1416 56.9019C22.8821 56.7967 21.7566 56.2356 20.9713 55.3202C20.3379 54.5838 19.9977 53.6895 19.9869 52.7636C19.9869 52.7461 19.9869 52.725 19.9869 52.7075C19.9869 52.5812 19.9905 52.4515 20.005 52.3252C20.2981 49.3407 23.1572 47.1313 26.3962 47.4118C28.4591 47.5872 30.3048 48.506 31.5932 50.0071C32.7983 51.4099 33.3665 53.1634 33.1928 54.9485C33.048 56.432 32.6282 57.6033 31.8357 58.7501C31.8248 58.7642 31.8103 58.7817 31.7958 58.7992C31.6728 58.915 31.5497 59.0307 31.4231 59.1429C31.3435 59.2096 31.2638 59.2762 31.1915 59.3358C31.0033 59.4901 30.8223 59.6374 30.6776 59.7777C27.6593 62.187 23.805 63.646 19.6069 63.6846L19.5924 63.6775ZM19.444 43.1438C20.204 44.7289 21.5757 45.9529 23.2223 46.6087C21.5141 47.24 20.1136 48.4675 19.3391 50.0386C18.5791 48.4955 17.2183 47.2961 15.5717 46.6578C17.2762 46.0125 18.6696 44.7535 19.444 43.1473V43.1438ZM37.1339 46.514C37.1339 49.8878 36.1206 53.0336 34.3798 55.692C34.4124 55.4851 34.4377 55.2746 34.4595 55.0607C34.6657 52.946 33.9962 50.8663 32.5703 49.2039C31.5497 48.0186 30.236 47.1453 28.7522 46.6368C30.3953 46.0616 31.8176 45.0305 32.8598 43.6382C34.2134 41.8321 34.7562 39.6262 34.3871 37.4343C34.3798 37.3922 34.3726 37.3571 34.3654 37.315C36.117 39.9769 37.1339 43.1297 37.1339 46.514ZM22.133 28.2914C21.4526 28.1967 20.7614 28.1406 20.0593 28.116V25.6892C20.6021 26.6571 21.297 27.5374 22.133 28.2914ZM18.7745 25.6856V28.1125C18.076 28.1336 17.3848 28.1932 16.7008 28.2879C17.5332 27.5339 18.2317 26.6536 18.7745 25.6856ZM8.6448 32.8821C11.7572 30.5675 15.4812 29.3435 19.4151 29.3435C24.232 29.3435 28.6075 31.2198 31.8031 34.2534C32.621 35.33 32.8671 36.1472 33.1132 37.6272C33.4244 39.4929 32.9612 41.3657 31.8139 42.9018C30.6377 44.4764 28.8861 45.511 26.8812 45.8161C23.6783 46.3036 20.6564 44.2169 20.1461 41.1658C20.1027 40.9133 20.0882 40.6608 20.0918 40.4118C20.0918 40.3767 20.0918 40.3451 20.0918 40.3101C20.1244 39.4719 20.4139 38.6582 20.9387 37.9603C21.6553 36.9994 22.7229 36.3716 23.9461 36.1858C25.8678 35.8947 27.6846 37.1432 27.9922 38.9774C28.1044 39.6437 27.9379 40.3136 27.5254 40.8607C27.1019 41.4253 26.4722 41.797 25.752 41.9058C24.6518 42.0776 23.6023 41.3552 23.4286 40.3065C23.3707 39.9664 23.045 39.7349 22.6903 39.791C22.3393 39.8471 22.104 40.1663 22.1583 40.5065C22.4478 42.2319 24.1488 43.4103 25.9511 43.1367C27.0115 42.9754 27.9416 42.4248 28.564 41.5901C29.1757 40.7695 29.4217 39.77 29.2553 38.774C28.8391 36.2699 26.3637 34.5585 23.7435 34.9548C22.18 35.1898 20.8157 35.9999 19.8964 37.2274C19.7372 37.4413 19.5997 37.6692 19.473 37.8972C19.2776 37.529 19.0459 37.1748 18.7637 36.8451C17.7576 35.6772 16.3389 34.9583 14.7646 34.8215C12.1118 34.5901 9.77394 36.4628 9.53146 38.9879C9.43375 39.9909 9.75222 40.9729 10.4217 41.7515C11.1021 42.544 12.0684 43.035 13.1397 43.1262C14.9456 43.2805 16.5705 41.9969 16.737 40.2575C16.7696 39.9138 16.509 39.6122 16.1579 39.5806C15.8033 39.549 15.492 39.8015 15.4595 40.1417C15.3581 41.2008 14.3701 41.9829 13.2555 41.8882C12.528 41.8251 11.873 41.4919 11.4097 40.9554C10.961 40.4328 10.7475 39.7735 10.8126 39.1036C10.9899 37.2589 12.7126 35.8912 14.6488 36.063C15.8829 36.1682 16.9939 36.7294 17.7793 37.6412C18.4379 38.4092 18.7962 39.3491 18.8107 40.3241C18.8107 40.3451 18.8107 40.3697 18.8107 40.3907C18.8107 40.524 18.8071 40.6573 18.7926 40.7905C18.4995 43.8662 15.6296 46.1353 12.4014 45.8582C10.3819 45.6829 8.55794 44.7605 7.27318 43.2665C6.01737 41.8076 5.42384 39.9664 5.6048 38.0866C5.7387 36.6838 6.16575 35.5054 6.98365 34.2744C7.5048 33.7799 8.05489 33.31 8.6448 32.8751V32.8821ZM4.39603 37.3922C4.36708 37.5851 4.34175 37.778 4.32365 37.9779C4.11375 40.1908 4.80861 42.3512 6.28518 44.0696C7.29489 45.241 8.58327 46.1107 10.0345 46.6192C8.35527 47.1909 6.91127 48.222 5.86175 49.6213C4.55527 51.3678 4.03413 53.486 4.39603 55.5868V55.6043C2.69146 52.9635 1.69623 49.8457 1.69623 46.507C1.69623 43.1683 2.64803 40.0786 4.39242 37.3887L4.39603 37.3922ZM16.737 64.7367C17.4065 64.8279 18.0833 64.884 18.7709 64.9085V67.3108C18.2353 66.3569 17.5549 65.4872 16.737 64.7402V64.7367ZM20.0557 67.3038V64.9085C20.7433 64.8875 21.42 64.8314 22.0859 64.7402C21.2717 65.4872 20.5877 66.3534 20.0557 67.3073V67.3038Z\" fill=\"#953E3E\"\/>\n<\/svg>\n        <\/div>\n\n\t\t            <div class=\"h1 fyb__title\">\n\t\t\t\tEncuentre<br \/>\nsu<br \/>\nBotella            <\/div>\n\t\t\n\t\t\n\t\t            <div class=\"h5 fyb__subtitle fyb__subtitle--bottom\">\n\t\t\t\tBEBER TEQUILA ES BAILAR  <br \/>\nCON NUESTROS ANTEPASADOS            <\/div>\n\t\t\n\t\t            <div class=\"fyb__search-container\">\n                <button class=\"fyb__search-button\">\n\t\t\t\t\t<svg width=\"15\" height=\"15\" viewBox=\"0 0 15 15\" fill=\"none\" xmlns=\"http:\/\/www.w3.org\/2000\/svg\">\n<circle cx=\"6\" cy=\"6\" r=\"5.5\" stroke=\"#2B2926\"\/>\n<line x1=\"9.35355\" y1=\"9.64645\" x2=\"14.0202\" y2=\"14.3131\" stroke=\"#2B2926\"\/>\n<\/svg>\n                <\/button>\n                <input type=\"text\" class=\"fyb__search-input\"\n                       placeholder=\"Estado, ciudad o c\u00f3digo postal\"\/>\n            <\/div>\n\t\t    <\/div>\n<\/section>\n\n<section class=\"find-us container-fluid\">\n\t        <iframe src=\"https:\/\/finder.vtinfo.com\/finder\/web\/v2\/iframe?custID=HVN=XK5COxWsZcvGsoBAnUJPDMGWuHrTlICZJoQd\" frameborder=\"0\" class=\"find-us__iframe\"><\/iframe>\n\t<\/section>\n","protected":false},"excerpt":{"rendered":"","protected":false},"author":8,"featured_media":0,"parent":0,"menu_order":0,"comment_status":"closed","ping_status":"closed","template":"","meta":{"footnotes":""},"class_list":["post-1635","page","type-page","status-publish","hentry"],"acf":[],"yoast_head":"<!-- This site is optimized with the Yoast SEO plugin v27.2 - https:\/\/yoast.com\/product\/yoast-seo-wordpress\/ -->\n<title>Encuentra tu botella &#8226; Tequila Ocho<\/title>\n<meta name=\"description\" content=\"Descubra d\u00f3nde comprar Tequila Ocho, un tequila artesanal elaborado con m\u00e9todos tradicionales para disfrutar del aut\u00e9ntico sabor de M\u00e9xico.\" \/>\n<meta name=\"robots\" content=\"index, follow, max-snippet:-1, max-image-preview:large, max-video-preview:-1\" \/>\n<link rel=\"canonical\" href=\"https:\/\/ochotequila.com\/es\/encuentra-tu-botella\/\" \/>\n<meta property=\"og:locale\" content=\"es_ES\" \/>\n<meta property=\"og:type\" content=\"article\" \/>\n<meta property=\"og:title\" content=\"Encuentra tu botella &#8226; Tequila Ocho\" \/>\n<meta property=\"og:description\" content=\"Descubra d\u00f3nde comprar Tequila Ocho, un tequila artesanal elaborado con m\u00e9todos tradicionales para disfrutar del aut\u00e9ntico sabor de M\u00e9xico.\" \/>\n<meta property=\"og:url\" content=\"https:\/\/ochotequila.com\/es\/encuentra-tu-botella\/\" \/>\n<meta property=\"og:site_name\" content=\"Tequila Ocho\" \/>\n<meta property=\"article:modified_time\" content=\"2024-07-09T15:04:25+00:00\" \/>\n<meta name=\"twitter:card\" content=\"summary_large_image\" \/>\n<script type=\"application\/ld+json\" class=\"yoast-schema-graph\">{\"@context\":\"https:\/\/schema.org\",\"@graph\":[{\"@type\":\"WebPage\",\"@id\":\"https:\/\/ochotequila.com\/es\/encuentra-tu-botella\/\",\"url\":\"https:\/\/ochotequila.com\/es\/encuentra-tu-botella\/\",\"name\":\"Encuentra tu botella &#8226; Tequila Ocho\",\"isPartOf\":{\"@id\":\"https:\/\/ochotequila.com\/#website\"},\"datePublished\":\"2022-06-23T17:35:23+00:00\",\"dateModified\":\"2024-07-09T15:04:25+00:00\",\"description\":\"Descubra d\u00f3nde comprar Tequila Ocho, un tequila artesanal elaborado con m\u00e9todos tradicionales para disfrutar del aut\u00e9ntico sabor de M\u00e9xico.\",\"breadcrumb\":{\"@id\":\"https:\/\/ochotequila.com\/es\/encuentra-tu-botella\/#breadcrumb\"},\"inLanguage\":\"es-ES\",\"potentialAction\":[{\"@type\":\"ReadAction\",\"target\":[\"https:\/\/ochotequila.com\/es\/encuentra-tu-botella\/\"]}]},{\"@type\":\"BreadcrumbList\",\"@id\":\"https:\/\/ochotequila.com\/es\/encuentra-tu-botella\/#breadcrumb\",\"itemListElement\":[{\"@type\":\"ListItem\",\"position\":1,\"name\":\"Home\",\"item\":\"https:\/\/ochotequila.com\/es\/\"},{\"@type\":\"ListItem\",\"position\":2,\"name\":\"Encuentra tu botella\"}]},{\"@type\":\"WebSite\",\"@id\":\"https:\/\/ochotequila.com\/#website\",\"url\":\"https:\/\/ochotequila.com\/\",\"name\":\"Tequila Ocho\",\"description\":\"\",\"potentialAction\":[{\"@type\":\"SearchAction\",\"target\":{\"@type\":\"EntryPoint\",\"urlTemplate\":\"https:\/\/ochotequila.com\/?s={search_term_string}\"},\"query-input\":{\"@type\":\"PropertyValueSpecification\",\"valueRequired\":true,\"valueName\":\"search_term_string\"}}],\"inLanguage\":\"es-ES\"}]}<\/script>\n<!-- \/ Yoast SEO plugin. -->","yoast_head_json":{"title":"Encuentra tu botella &#8226; Tequila Ocho","description":"Descubra d\u00f3nde comprar Tequila Ocho, un tequila artesanal elaborado con m\u00e9todos tradicionales para disfrutar del aut\u00e9ntico sabor de M\u00e9xico.","robots":{"index":"index","follow":"follow","max-snippet":"max-snippet:-1","max-image-preview":"max-image-preview:large","max-video-preview":"max-video-preview:-1"},"canonical":"https:\/\/ochotequila.com\/es\/encuentra-tu-botella\/","og_locale":"es_ES","og_type":"article","og_title":"Encuentra tu botella &#8226; Tequila Ocho","og_description":"Descubra d\u00f3nde comprar Tequila Ocho, un tequila artesanal elaborado con m\u00e9todos tradicionales para disfrutar del aut\u00e9ntico sabor de M\u00e9xico.","og_url":"https:\/\/ochotequila.com\/es\/encuentra-tu-botella\/","og_site_name":"Tequila Ocho","article_modified_time":"2024-07-09T15:04:25+00:00","twitter_card":"summary_large_image","schema":{"@context":"https:\/\/schema.org","@graph":[{"@type":"WebPage","@id":"https:\/\/ochotequila.com\/es\/encuentra-tu-botella\/","url":"https:\/\/ochotequila.com\/es\/encuentra-tu-botella\/","name":"Encuentra tu botella &#8226; Tequila Ocho","isPartOf":{"@id":"https:\/\/ochotequila.com\/#website"},"datePublished":"2022-06-23T17:35:23+00:00","dateModified":"2024-07-09T15:04:25+00:00","description":"Descubra d\u00f3nde comprar Tequila Ocho, un tequila artesanal elaborado con m\u00e9todos tradicionales para disfrutar del aut\u00e9ntico sabor de M\u00e9xico.","breadcrumb":{"@id":"https:\/\/ochotequila.com\/es\/encuentra-tu-botella\/#breadcrumb"},"inLanguage":"es-ES","potentialAction":[{"@type":"ReadAction","target":["https:\/\/ochotequila.com\/es\/encuentra-tu-botella\/"]}]},{"@type":"BreadcrumbList","@id":"https:\/\/ochotequila.com\/es\/encuentra-tu-botella\/#breadcrumb","itemListElement":[{"@type":"ListItem","position":1,"name":"Home","item":"https:\/\/ochotequila.com\/es\/"},{"@type":"ListItem","position":2,"name":"Encuentra tu botella"}]},{"@type":"WebSite","@id":"https:\/\/ochotequila.com\/#website","url":"https:\/\/ochotequila.com\/","name":"Tequila Ocho","description":"","potentialAction":[{"@type":"SearchAction","target":{"@type":"EntryPoint","urlTemplate":"https:\/\/ochotequila.com\/?s={search_term_string}"},"query-input":{"@type":"PropertyValueSpecification","valueRequired":true,"valueName":"search_term_string"}}],"inLanguage":"es-ES"}]}},"_links":{"self":[{"href":"https:\/\/ochotequila.com\/es\/wp-json\/wp\/v2\/pages\/1635","targetHints":{"allow":["GET"]}}],"collection":[{"href":"https:\/\/ochotequila.com\/es\/wp-json\/wp\/v2\/pages"}],"about":[{"href":"https:\/\/ochotequila.com\/es\/wp-json\/wp\/v2\/types\/page"}],"author":[{"embeddable":true,"href":"https:\/\/ochotequila.com\/es\/wp-json\/wp\/v2\/users\/8"}],"replies":[{"embeddable":true,"href":"https:\/\/ochotequila.com\/es\/wp-json\/wp\/v2\/comments?post=1635"}],"version-history":[{"count":5,"href":"https:\/\/ochotequila.com\/es\/wp-json\/wp\/v2\/pages\/1635\/revisions"}],"predecessor-version":[{"id":1764,"href":"https:\/\/ochotequila.com\/es\/wp-json\/wp\/v2\/pages\/1635\/revisions\/1764"}],"wp:attachment":[{"href":"https:\/\/ochotequila.com\/es\/wp-json\/wp\/v2\/media?parent=1635"}],"curies":[{"name":"wp","href":"https:\/\/api.w.org\/{rel}","templated":true}]}}